{"id":1415,"date":"2021-10-13T16:01:54","date_gmt":"2021-10-13T14:01:54","guid":{"rendered":"https:\/\/zebre-architecture.fr\/?page_id=1415"},"modified":"2021-10-22T13:15:01","modified_gmt":"2021-10-22T11:15:01","slug":"residentiel","status":"publish","type":"page","link":"https:\/\/zebre-architecture.fr\/en\/projets\/residentiel\/","title":{"rendered":"Residential"},"content":{"rendered":"<p>[et_pb_section admin_label=&#8221;section&#8221;][et_pb_row admin_label=&#8221;row&#8221;][\/et_pb_row][\/et_pb_section]<\/p>\n","protected":false},"excerpt":{"rendered":"[et_pb_section admin_label=&#8221;section&#8221;][et_pb_row admin_label=&#8221;row&#8221;][\/et_pb_row][\/et_pb_section]","protected":false},"author":2,"featured_media":1654,"parent":1243,"menu_order":50,"comment_status":"closed","ping_status":"closed","template":"","meta":{"_acf_changed":false,"footnotes":""},"class_list":["post-1415","page","type-page","status-publish","has-post-thumbnail","hentry"],"acf":[],"yoast_head":"<!-- This site is optimized with the Yoast SEO plugin v27.3 - https:\/\/yoast.com\/product\/yoast-seo-wordpress\/ -->\n<title>Residential - Z\u00e8bre architecture<\/title>\n<meta name=\"description\" content=\"\u00c0 partir de notre de base de Lille, nous accompagnons nos clients au fur et \u00e0 mesure de leur d\u00e9veloppement dans toute la France et au-del\u00e0. Nous leur disons merci pour la confiance qu\u2019ils nous accordent.\" \/>\n<meta name=\"robots\" content=\"index, follow, max-snippet:-1, max-image-preview:large, max-video-preview:-1\" \/>\n<link rel=\"canonical\" href=\"https:\/\/zebre-architecture.fr\/en\/projets\/residentiel\/\" \/>\n<meta property=\"og:locale\" content=\"en_US\" \/>\n<meta property=\"og:type\" content=\"article\" \/>\n<meta property=\"og:title\" content=\"Residential - Z\u00e8bre architecture\" \/>\n<meta property=\"og:description\" content=\"\u00c0 partir de notre de base de Lille, nous accompagnons nos clients au fur et \u00e0 mesure de leur d\u00e9veloppement dans toute la France et au-del\u00e0. Nous leur disons merci pour la confiance qu\u2019ils nous accordent.\" \/>\n<meta property=\"og:url\" content=\"https:\/\/zebre-architecture.fr\/en\/projets\/residentiel\/\" \/>\n<meta property=\"og:site_name\" content=\"Z\u00e8bre architecture\" \/>\n<meta property=\"article:modified_time\" content=\"2021-10-22T11:15:01+00:00\" \/>\n<meta property=\"og:image\" content=\"https:\/\/zebre-architecture.fr\/files\/2021\/10\/residentiel_1.jpg\" \/>\n\t<meta property=\"og:image:width\" content=\"2500\" \/>\n\t<meta property=\"og:image:height\" content=\"1429\" \/>\n\t<meta property=\"og:image:type\" content=\"image\/jpeg\" \/>\n<meta name=\"twitter:card\" content=\"summary_large_image\" \/>\n<meta name=\"twitter:label1\" content=\"Est. reading time\" \/>\n\t<meta name=\"twitter:data1\" content=\"28 minutes\" \/>\n<script type=\"application\/ld+json\" class=\"yoast-schema-graph\">{\"@context\":\"https:\\\/\\\/schema.org\",\"@graph\":[{\"@type\":\"WebPage\",\"@id\":\"https:\\\/\\\/zebre-architecture.fr\\\/en\\\/projets\\\/residentiel\\\/\",\"url\":\"https:\\\/\\\/zebre-architecture.fr\\\/en\\\/projets\\\/residentiel\\\/\",\"name\":\"Residential - Z\u00e8bre architecture\",\"isPartOf\":{\"@id\":\"https:\\\/\\\/zebre-architecture.fr\\\/#website\"},\"primaryImageOfPage\":{\"@id\":\"https:\\\/\\\/zebre-architecture.fr\\\/en\\\/projets\\\/residentiel\\\/#primaryimage\"},\"image\":{\"@id\":\"https:\\\/\\\/zebre-architecture.fr\\\/en\\\/projets\\\/residentiel\\\/#primaryimage\"},\"thumbnailUrl\":\"https:\\\/\\\/zebre-architecture.fr\\\/files\\\/2021\\\/10\\\/residentiel_1.jpg\",\"datePublished\":\"2021-10-13T14:01:54+00:00\",\"dateModified\":\"2021-10-22T11:15:01+00:00\",\"description\":\"\u00c0 partir de notre de base de Lille, nous accompagnons nos clients au fur et \u00e0 mesure de leur d\u00e9veloppement dans toute la France et au-del\u00e0. Nous leur disons merci pour la confiance qu\u2019ils nous accordent.\",\"breadcrumb\":{\"@id\":\"https:\\\/\\\/zebre-architecture.fr\\\/en\\\/projets\\\/residentiel\\\/#breadcrumb\"},\"inLanguage\":\"en-US\",\"potentialAction\":[{\"@type\":\"ReadAction\",\"target\":[\"https:\\\/\\\/zebre-architecture.fr\\\/en\\\/projets\\\/residentiel\\\/\"]}]},{\"@type\":\"ImageObject\",\"inLanguage\":\"en-US\",\"@id\":\"https:\\\/\\\/zebre-architecture.fr\\\/en\\\/projets\\\/residentiel\\\/#primaryimage\",\"url\":\"https:\\\/\\\/zebre-architecture.fr\\\/files\\\/2021\\\/10\\\/residentiel_1.jpg\",\"contentUrl\":\"https:\\\/\\\/zebre-architecture.fr\\\/files\\\/2021\\\/10\\\/residentiel_1.jpg\",\"width\":2500,\"height\":1429},{\"@type\":\"BreadcrumbList\",\"@id\":\"https:\\\/\\\/zebre-architecture.fr\\\/en\\\/projets\\\/residentiel\\\/#breadcrumb\",\"itemListElement\":[{\"@type\":\"ListItem\",\"position\":1,\"name\":\"Accueil\",\"item\":\"https:\\\/\\\/zebre-architecture.fr\\\/en\\\/\"},{\"@type\":\"ListItem\",\"position\":2,\"name\":\"Projects\",\"item\":\"https:\\\/\\\/zebre-architecture.fr\\\/en\\\/projets\\\/\"},{\"@type\":\"ListItem\",\"position\":3,\"name\":\"Residential\"}]},{\"@type\":\"WebSite\",\"@id\":\"https:\\\/\\\/zebre-architecture.fr\\\/#website\",\"url\":\"https:\\\/\\\/zebre-architecture.fr\\\/\",\"name\":\"Z\u00e8bre architecture\",\"description\":\"Retail architecture, agencement\",\"potentialAction\":[{\"@type\":\"SearchAction\",\"target\":{\"@type\":\"EntryPoint\",\"urlTemplate\":\"https:\\\/\\\/zebre-architecture.fr\\\/?s={search_term_string}\"},\"query-input\":{\"@type\":\"PropertyValueSpecification\",\"valueRequired\":true,\"valueName\":\"search_term_string\"}}],\"inLanguage\":\"en-US\"}]}<\/script>\n<!-- \/ Yoast SEO plugin. -->","yoast_head_json":{"title":"Residential - Z\u00e8bre architecture","description":"\u00c0 partir de notre de base de Lille, nous accompagnons nos clients au fur et \u00e0 mesure de leur d\u00e9veloppement dans toute la France et au-del\u00e0. Nous leur disons merci pour la confiance qu\u2019ils nous accordent.","robots":{"index":"index","follow":"follow","max-snippet":"max-snippet:-1","max-image-preview":"max-image-preview:large","max-video-preview":"max-video-preview:-1"},"canonical":"https:\/\/zebre-architecture.fr\/en\/projets\/residentiel\/","og_locale":"en_US","og_type":"article","og_title":"Residential - Z\u00e8bre architecture","og_description":"\u00c0 partir de notre de base de Lille, nous accompagnons nos clients au fur et \u00e0 mesure de leur d\u00e9veloppement dans toute la France et au-del\u00e0. Nous leur disons merci pour la confiance qu\u2019ils nous accordent.","og_url":"https:\/\/zebre-architecture.fr\/en\/projets\/residentiel\/","og_site_name":"Z\u00e8bre architecture","article_modified_time":"2021-10-22T11:15:01+00:00","og_image":[{"width":2500,"height":1429,"url":"https:\/\/zebre-architecture.fr\/files\/2021\/10\/residentiel_1.jpg","type":"image\/jpeg"}],"twitter_card":"summary_large_image","twitter_misc":{"Est. reading time":"28 minutes"},"schema":{"@context":"https:\/\/schema.org","@graph":[{"@type":"WebPage","@id":"https:\/\/zebre-architecture.fr\/en\/projets\/residentiel\/","url":"https:\/\/zebre-architecture.fr\/en\/projets\/residentiel\/","name":"Residential - Z\u00e8bre architecture","isPartOf":{"@id":"https:\/\/zebre-architecture.fr\/#website"},"primaryImageOfPage":{"@id":"https:\/\/zebre-architecture.fr\/en\/projets\/residentiel\/#primaryimage"},"image":{"@id":"https:\/\/zebre-architecture.fr\/en\/projets\/residentiel\/#primaryimage"},"thumbnailUrl":"https:\/\/zebre-architecture.fr\/files\/2021\/10\/residentiel_1.jpg","datePublished":"2021-10-13T14:01:54+00:00","dateModified":"2021-10-22T11:15:01+00:00","description":"\u00c0 partir de notre de base de Lille, nous accompagnons nos clients au fur et \u00e0 mesure de leur d\u00e9veloppement dans toute la France et au-del\u00e0. Nous leur disons merci pour la confiance qu\u2019ils nous accordent.","breadcrumb":{"@id":"https:\/\/zebre-architecture.fr\/en\/projets\/residentiel\/#breadcrumb"},"inLanguage":"en-US","potentialAction":[{"@type":"ReadAction","target":["https:\/\/zebre-architecture.fr\/en\/projets\/residentiel\/"]}]},{"@type":"ImageObject","inLanguage":"en-US","@id":"https:\/\/zebre-architecture.fr\/en\/projets\/residentiel\/#primaryimage","url":"https:\/\/zebre-architecture.fr\/files\/2021\/10\/residentiel_1.jpg","contentUrl":"https:\/\/zebre-architecture.fr\/files\/2021\/10\/residentiel_1.jpg","width":2500,"height":1429},{"@type":"BreadcrumbList","@id":"https:\/\/zebre-architecture.fr\/en\/projets\/residentiel\/#breadcrumb","itemListElement":[{"@type":"ListItem","position":1,"name":"Accueil","item":"https:\/\/zebre-architecture.fr\/en\/"},{"@type":"ListItem","position":2,"name":"Projects","item":"https:\/\/zebre-architecture.fr\/en\/projets\/"},{"@type":"ListItem","position":3,"name":"Residential"}]},{"@type":"WebSite","@id":"https:\/\/zebre-architecture.fr\/#website","url":"https:\/\/zebre-architecture.fr\/","name":"Z\u00e8bre architecture","description":"Retail architecture, agencement","potentialAction":[{"@type":"SearchAction","target":{"@type":"EntryPoint","urlTemplate":"https:\/\/zebre-architecture.fr\/?s={search_term_string}"},"query-input":{"@type":"PropertyValueSpecification","valueRequired":true,"valueName":"search_term_string"}}],"inLanguage":"en-US"}]}},"_links":{"self":[{"href":"https:\/\/zebre-architecture.fr\/en\/wp-json\/wp\/v2\/pages\/1415","targetHints":{"allow":["GET"]}}],"collection":[{"href":"https:\/\/zebre-architecture.fr\/en\/wp-json\/wp\/v2\/pages"}],"about":[{"href":"https:\/\/zebre-architecture.fr\/en\/wp-json\/wp\/v2\/types\/page"}],"author":[{"embeddable":true,"href":"https:\/\/zebre-architecture.fr\/en\/wp-json\/wp\/v2\/users\/2"}],"replies":[{"embeddable":true,"href":"https:\/\/zebre-architecture.fr\/en\/wp-json\/wp\/v2\/comments?post=1415"}],"version-history":[{"count":6,"href":"https:\/\/zebre-architecture.fr\/en\/wp-json\/wp\/v2\/pages\/1415\/revisions"}],"predecessor-version":[{"id":1656,"href":"https:\/\/zebre-architecture.fr\/en\/wp-json\/wp\/v2\/pages\/1415\/revisions\/1656"}],"up":[{"embeddable":true,"href":"https:\/\/zebre-architecture.fr\/en\/wp-json\/wp\/v2\/pages\/1243"}],"wp:featuredmedia":[{"embeddable":true,"href":"https:\/\/zebre-architecture.fr\/en\/wp-json\/wp\/v2\/media\/1654"}],"wp:attachment":[{"href":"https:\/\/zebre-architecture.fr\/en\/wp-json\/wp\/v2\/media?parent=1415"}],"curies":[{"name":"wp","href":"https:\/\/api.w.org\/{rel}","templated":true}]}}