{"id":1159,"date":"2021-10-13T16:15:07","date_gmt":"2021-10-13T14:15:07","guid":{"rendered":"https:\/\/zebre-architecture.fr\/?page_id=1159"},"modified":"2021-10-22T17:05:16","modified_gmt":"2021-10-22T15:05:16","slug":"restauration-hotellerie","status":"publish","type":"page","link":"https:\/\/zebre-architecture.fr\/en\/projets\/restauration-hotellerie\/","title":{"rendered":"Restaurants Hotels"},"content":{"rendered":"<p>[et_pb_section admin_label=&#8221;section&#8221;][et_pb_row admin_label=&#8221;row&#8221;][\/et_pb_row][\/et_pb_section]<\/p>\n","protected":false},"excerpt":{"rendered":"[et_pb_section admin_label=&#8221;section&#8221;][et_pb_row admin_label=&#8221;row&#8221;][\/et_pb_row][\/et_pb_section]","protected":false},"author":2,"featured_media":1406,"parent":1243,"menu_order":20,"comment_status":"closed","ping_status":"closed","template":"","meta":{"_acf_changed":false,"footnotes":""},"class_list":["post-1159","page","type-page","status-publish","has-post-thumbnail","hentry"],"acf":[],"yoast_head":"<!-- This site is optimized with the Yoast SEO plugin v27.3 - https:\/\/yoast.com\/product\/yoast-seo-wordpress\/ -->\n<title>Restaurants Hotels - Z\u00e8bre architecture<\/title>\n<meta name=\"description\" content=\"\u00c0 partir de notre de base de Lille, nous accompagnons nos clients au fur et \u00e0 mesure de leur d\u00e9veloppement dans toute la France et au-del\u00e0. Nous leur disons merci pour la confiance qu\u2019ils nous accordent.\" \/>\n<meta name=\"robots\" content=\"index, follow, max-snippet:-1, max-image-preview:large, max-video-preview:-1\" \/>\n<link rel=\"canonical\" href=\"https:\/\/zebre-architecture.fr\/en\/projets\/restauration-hotellerie\/\" \/>\n<meta property=\"og:locale\" content=\"en_US\" \/>\n<meta property=\"og:type\" content=\"article\" \/>\n<meta property=\"og:title\" content=\"Restaurants Hotels - Z\u00e8bre architecture\" \/>\n<meta property=\"og:description\" content=\"\u00c0 partir de notre de base de Lille, nous accompagnons nos clients au fur et \u00e0 mesure de leur d\u00e9veloppement dans toute la France et au-del\u00e0. Nous leur disons merci pour la confiance qu\u2019ils nous accordent.\" \/>\n<meta property=\"og:url\" content=\"https:\/\/zebre-architecture.fr\/en\/projets\/restauration-hotellerie\/\" \/>\n<meta property=\"og:site_name\" content=\"Z\u00e8bre architecture\" \/>\n<meta property=\"article:modified_time\" content=\"2021-10-22T15:05:16+00:00\" \/>\n<meta property=\"og:image\" content=\"https:\/\/zebre-architecture.fr\/files\/2021\/09\/restaurant-scaled-1.jpg\" \/>\n\t<meta property=\"og:image:width\" content=\"2000\" \/>\n\t<meta property=\"og:image:height\" content=\"1340\" \/>\n\t<meta property=\"og:image:type\" content=\"image\/jpeg\" \/>\n<meta name=\"twitter:card\" content=\"summary_large_image\" \/>\n<meta name=\"twitter:label1\" content=\"Est. reading time\" \/>\n\t<meta name=\"twitter:data1\" content=\"35 minutes\" \/>\n<script type=\"application\/ld+json\" class=\"yoast-schema-graph\">{\"@context\":\"https:\\\/\\\/schema.org\",\"@graph\":[{\"@type\":\"WebPage\",\"@id\":\"https:\\\/\\\/zebre-architecture.fr\\\/en\\\/projets\\\/restauration-hotellerie\\\/\",\"url\":\"https:\\\/\\\/zebre-architecture.fr\\\/en\\\/projets\\\/restauration-hotellerie\\\/\",\"name\":\"Restaurants Hotels - Z\u00e8bre architecture\",\"isPartOf\":{\"@id\":\"https:\\\/\\\/zebre-architecture.fr\\\/#website\"},\"primaryImageOfPage\":{\"@id\":\"https:\\\/\\\/zebre-architecture.fr\\\/en\\\/projets\\\/restauration-hotellerie\\\/#primaryimage\"},\"image\":{\"@id\":\"https:\\\/\\\/zebre-architecture.fr\\\/en\\\/projets\\\/restauration-hotellerie\\\/#primaryimage\"},\"thumbnailUrl\":\"https:\\\/\\\/zebre-architecture.fr\\\/files\\\/2021\\\/09\\\/restaurant-scaled-1.jpg\",\"datePublished\":\"2021-10-13T14:15:07+00:00\",\"dateModified\":\"2021-10-22T15:05:16+00:00\",\"description\":\"\u00c0 partir de notre de base de Lille, nous accompagnons nos clients au fur et \u00e0 mesure de leur d\u00e9veloppement dans toute la France et au-del\u00e0. Nous leur disons merci pour la confiance qu\u2019ils nous accordent.\",\"breadcrumb\":{\"@id\":\"https:\\\/\\\/zebre-architecture.fr\\\/en\\\/projets\\\/restauration-hotellerie\\\/#breadcrumb\"},\"inLanguage\":\"en-US\",\"potentialAction\":[{\"@type\":\"ReadAction\",\"target\":[\"https:\\\/\\\/zebre-architecture.fr\\\/en\\\/projets\\\/restauration-hotellerie\\\/\"]}]},{\"@type\":\"ImageObject\",\"inLanguage\":\"en-US\",\"@id\":\"https:\\\/\\\/zebre-architecture.fr\\\/en\\\/projets\\\/restauration-hotellerie\\\/#primaryimage\",\"url\":\"https:\\\/\\\/zebre-architecture.fr\\\/files\\\/2021\\\/09\\\/restaurant-scaled-1.jpg\",\"contentUrl\":\"https:\\\/\\\/zebre-architecture.fr\\\/files\\\/2021\\\/09\\\/restaurant-scaled-1.jpg\",\"width\":2000,\"height\":1340},{\"@type\":\"BreadcrumbList\",\"@id\":\"https:\\\/\\\/zebre-architecture.fr\\\/en\\\/projets\\\/restauration-hotellerie\\\/#breadcrumb\",\"itemListElement\":[{\"@type\":\"ListItem\",\"position\":1,\"name\":\"Accueil\",\"item\":\"https:\\\/\\\/zebre-architecture.fr\\\/en\\\/\"},{\"@type\":\"ListItem\",\"position\":2,\"name\":\"Projects\",\"item\":\"https:\\\/\\\/zebre-architecture.fr\\\/en\\\/projets\\\/\"},{\"@type\":\"ListItem\",\"position\":3,\"name\":\"Restaurants Hotels\"}]},{\"@type\":\"WebSite\",\"@id\":\"https:\\\/\\\/zebre-architecture.fr\\\/#website\",\"url\":\"https:\\\/\\\/zebre-architecture.fr\\\/\",\"name\":\"Z\u00e8bre architecture\",\"description\":\"Retail architecture, agencement\",\"potentialAction\":[{\"@type\":\"SearchAction\",\"target\":{\"@type\":\"EntryPoint\",\"urlTemplate\":\"https:\\\/\\\/zebre-architecture.fr\\\/?s={search_term_string}\"},\"query-input\":{\"@type\":\"PropertyValueSpecification\",\"valueRequired\":true,\"valueName\":\"search_term_string\"}}],\"inLanguage\":\"en-US\"}]}<\/script>\n<!-- \/ Yoast SEO plugin. -->","yoast_head_json":{"title":"Restaurants Hotels - Z\u00e8bre architecture","description":"\u00c0 partir de notre de base de Lille, nous accompagnons nos clients au fur et \u00e0 mesure de leur d\u00e9veloppement dans toute la France et au-del\u00e0. Nous leur disons merci pour la confiance qu\u2019ils nous accordent.","robots":{"index":"index","follow":"follow","max-snippet":"max-snippet:-1","max-image-preview":"max-image-preview:large","max-video-preview":"max-video-preview:-1"},"canonical":"https:\/\/zebre-architecture.fr\/en\/projets\/restauration-hotellerie\/","og_locale":"en_US","og_type":"article","og_title":"Restaurants Hotels - Z\u00e8bre architecture","og_description":"\u00c0 partir de notre de base de Lille, nous accompagnons nos clients au fur et \u00e0 mesure de leur d\u00e9veloppement dans toute la France et au-del\u00e0. Nous leur disons merci pour la confiance qu\u2019ils nous accordent.","og_url":"https:\/\/zebre-architecture.fr\/en\/projets\/restauration-hotellerie\/","og_site_name":"Z\u00e8bre architecture","article_modified_time":"2021-10-22T15:05:16+00:00","og_image":[{"width":2000,"height":1340,"url":"https:\/\/zebre-architecture.fr\/files\/2021\/09\/restaurant-scaled-1.jpg","type":"image\/jpeg"}],"twitter_card":"summary_large_image","twitter_misc":{"Est. reading time":"35 minutes"},"schema":{"@context":"https:\/\/schema.org","@graph":[{"@type":"WebPage","@id":"https:\/\/zebre-architecture.fr\/en\/projets\/restauration-hotellerie\/","url":"https:\/\/zebre-architecture.fr\/en\/projets\/restauration-hotellerie\/","name":"Restaurants Hotels - Z\u00e8bre architecture","isPartOf":{"@id":"https:\/\/zebre-architecture.fr\/#website"},"primaryImageOfPage":{"@id":"https:\/\/zebre-architecture.fr\/en\/projets\/restauration-hotellerie\/#primaryimage"},"image":{"@id":"https:\/\/zebre-architecture.fr\/en\/projets\/restauration-hotellerie\/#primaryimage"},"thumbnailUrl":"https:\/\/zebre-architecture.fr\/files\/2021\/09\/restaurant-scaled-1.jpg","datePublished":"2021-10-13T14:15:07+00:00","dateModified":"2021-10-22T15:05:16+00:00","description":"\u00c0 partir de notre de base de Lille, nous accompagnons nos clients au fur et \u00e0 mesure de leur d\u00e9veloppement dans toute la France et au-del\u00e0. Nous leur disons merci pour la confiance qu\u2019ils nous accordent.","breadcrumb":{"@id":"https:\/\/zebre-architecture.fr\/en\/projets\/restauration-hotellerie\/#breadcrumb"},"inLanguage":"en-US","potentialAction":[{"@type":"ReadAction","target":["https:\/\/zebre-architecture.fr\/en\/projets\/restauration-hotellerie\/"]}]},{"@type":"ImageObject","inLanguage":"en-US","@id":"https:\/\/zebre-architecture.fr\/en\/projets\/restauration-hotellerie\/#primaryimage","url":"https:\/\/zebre-architecture.fr\/files\/2021\/09\/restaurant-scaled-1.jpg","contentUrl":"https:\/\/zebre-architecture.fr\/files\/2021\/09\/restaurant-scaled-1.jpg","width":2000,"height":1340},{"@type":"BreadcrumbList","@id":"https:\/\/zebre-architecture.fr\/en\/projets\/restauration-hotellerie\/#breadcrumb","itemListElement":[{"@type":"ListItem","position":1,"name":"Accueil","item":"https:\/\/zebre-architecture.fr\/en\/"},{"@type":"ListItem","position":2,"name":"Projects","item":"https:\/\/zebre-architecture.fr\/en\/projets\/"},{"@type":"ListItem","position":3,"name":"Restaurants Hotels"}]},{"@type":"WebSite","@id":"https:\/\/zebre-architecture.fr\/#website","url":"https:\/\/zebre-architecture.fr\/","name":"Z\u00e8bre architecture","description":"Retail architecture, agencement","potentialAction":[{"@type":"SearchAction","target":{"@type":"EntryPoint","urlTemplate":"https:\/\/zebre-architecture.fr\/?s={search_term_string}"},"query-input":{"@type":"PropertyValueSpecification","valueRequired":true,"valueName":"search_term_string"}}],"inLanguage":"en-US"}]}},"_links":{"self":[{"href":"https:\/\/zebre-architecture.fr\/en\/wp-json\/wp\/v2\/pages\/1159","targetHints":{"allow":["GET"]}}],"collection":[{"href":"https:\/\/zebre-architecture.fr\/en\/wp-json\/wp\/v2\/pages"}],"about":[{"href":"https:\/\/zebre-architecture.fr\/en\/wp-json\/wp\/v2\/types\/page"}],"author":[{"embeddable":true,"href":"https:\/\/zebre-architecture.fr\/en\/wp-json\/wp\/v2\/users\/2"}],"replies":[{"embeddable":true,"href":"https:\/\/zebre-architecture.fr\/en\/wp-json\/wp\/v2\/comments?post=1159"}],"version-history":[{"count":7,"href":"https:\/\/zebre-architecture.fr\/en\/wp-json\/wp\/v2\/pages\/1159\/revisions"}],"predecessor-version":[{"id":1660,"href":"https:\/\/zebre-architecture.fr\/en\/wp-json\/wp\/v2\/pages\/1159\/revisions\/1660"}],"up":[{"embeddable":true,"href":"https:\/\/zebre-architecture.fr\/en\/wp-json\/wp\/v2\/pages\/1243"}],"wp:featuredmedia":[{"embeddable":true,"href":"https:\/\/zebre-architecture.fr\/en\/wp-json\/wp\/v2\/media\/1406"}],"wp:attachment":[{"href":"https:\/\/zebre-architecture.fr\/en\/wp-json\/wp\/v2\/media?parent=1159"}],"curies":[{"name":"wp","href":"https:\/\/api.w.org\/{rel}","templated":true}]}}