{"id":1042,"date":"2021-10-13T14:47:25","date_gmt":"2021-10-13T12:47:25","guid":{"rendered":"https:\/\/zebre-architecture.fr\/?page_id=1042"},"modified":"2021-10-15T08:31:12","modified_gmt":"2021-10-15T06:31:12","slug":"retail","status":"publish","type":"page","link":"https:\/\/zebre-architecture.fr\/en\/office-2\/retail\/","title":{"rendered":"Retail"},"content":{"rendered":"","protected":false},"excerpt":{"rendered":"","protected":false},"author":2,"featured_media":0,"parent":1036,"menu_order":20,"comment_status":"closed","ping_status":"closed","template":"","meta":{"_acf_changed":false,"footnotes":""},"class_list":["post-1042","page","type-page","status-publish","hentry"],"acf":[],"yoast_head":"<!-- This site is optimized with the Yoast SEO plugin v27.3 - https:\/\/yoast.com\/product\/yoast-seo-wordpress\/ -->\n<title>Retail - Z\u00e8bre architecture<\/title>\n<meta name=\"description\" content=\"D\u00e9p\u00f4t administratif, Autorisation de travaux, Permis de construire, Suivi de chantier\" \/>\n<meta name=\"robots\" content=\"index, follow, max-snippet:-1, max-image-preview:large, max-video-preview:-1\" \/>\n<link rel=\"canonical\" href=\"https:\/\/zebre-architecture.fr\/en\/office-2\/retail\/\" \/>\n<meta property=\"og:locale\" content=\"en_US\" \/>\n<meta property=\"og:type\" content=\"article\" \/>\n<meta property=\"og:title\" content=\"Retail - Z\u00e8bre architecture\" \/>\n<meta property=\"og:description\" content=\"D\u00e9p\u00f4t administratif, Autorisation de travaux, Permis de construire, Suivi de chantier\" \/>\n<meta property=\"og:url\" content=\"https:\/\/zebre-architecture.fr\/en\/office-2\/retail\/\" \/>\n<meta property=\"og:site_name\" content=\"Z\u00e8bre architecture\" \/>\n<meta property=\"article:modified_time\" content=\"2021-10-15T06:31:12+00:00\" \/>\n<meta name=\"twitter:card\" content=\"summary_large_image\" \/>\n<script type=\"application\/ld+json\" class=\"yoast-schema-graph\">{\"@context\":\"https:\\\/\\\/schema.org\",\"@graph\":[{\"@type\":\"WebPage\",\"@id\":\"https:\\\/\\\/zebre-architecture.fr\\\/en\\\/office-2\\\/retail\\\/\",\"url\":\"https:\\\/\\\/zebre-architecture.fr\\\/en\\\/office-2\\\/retail\\\/\",\"name\":\"Retail - Z\u00e8bre architecture\",\"isPartOf\":{\"@id\":\"https:\\\/\\\/zebre-architecture.fr\\\/#website\"},\"datePublished\":\"2021-10-13T12:47:25+00:00\",\"dateModified\":\"2021-10-15T06:31:12+00:00\",\"description\":\"D\u00e9p\u00f4t administratif, Autorisation de travaux, Permis de construire, Suivi de chantier\",\"breadcrumb\":{\"@id\":\"https:\\\/\\\/zebre-architecture.fr\\\/en\\\/office-2\\\/retail\\\/#breadcrumb\"},\"inLanguage\":\"en-US\",\"potentialAction\":[{\"@type\":\"ReadAction\",\"target\":[\"https:\\\/\\\/zebre-architecture.fr\\\/en\\\/office-2\\\/retail\\\/\"]}]},{\"@type\":\"BreadcrumbList\",\"@id\":\"https:\\\/\\\/zebre-architecture.fr\\\/en\\\/office-2\\\/retail\\\/#breadcrumb\",\"itemListElement\":[{\"@type\":\"ListItem\",\"position\":1,\"name\":\"Accueil\",\"item\":\"https:\\\/\\\/zebre-architecture.fr\\\/en\\\/\"},{\"@type\":\"ListItem\",\"position\":2,\"name\":\"Office\",\"item\":\"https:\\\/\\\/zebre-architecture.fr\\\/en\\\/\"},{\"@type\":\"ListItem\",\"position\":3,\"name\":\"Retail\"}]},{\"@type\":\"WebSite\",\"@id\":\"https:\\\/\\\/zebre-architecture.fr\\\/#website\",\"url\":\"https:\\\/\\\/zebre-architecture.fr\\\/\",\"name\":\"Z\u00e8bre architecture\",\"description\":\"Retail architecture, agencement\",\"potentialAction\":[{\"@type\":\"SearchAction\",\"target\":{\"@type\":\"EntryPoint\",\"urlTemplate\":\"https:\\\/\\\/zebre-architecture.fr\\\/?s={search_term_string}\"},\"query-input\":{\"@type\":\"PropertyValueSpecification\",\"valueRequired\":true,\"valueName\":\"search_term_string\"}}],\"inLanguage\":\"en-US\"}]}<\/script>\n<!-- \/ Yoast SEO plugin. -->","yoast_head_json":{"title":"Retail - Z\u00e8bre architecture","description":"D\u00e9p\u00f4t administratif, Autorisation de travaux, Permis de construire, Suivi de chantier","robots":{"index":"index","follow":"follow","max-snippet":"max-snippet:-1","max-image-preview":"max-image-preview:large","max-video-preview":"max-video-preview:-1"},"canonical":"https:\/\/zebre-architecture.fr\/en\/office-2\/retail\/","og_locale":"en_US","og_type":"article","og_title":"Retail - Z\u00e8bre architecture","og_description":"D\u00e9p\u00f4t administratif, Autorisation de travaux, Permis de construire, Suivi de chantier","og_url":"https:\/\/zebre-architecture.fr\/en\/office-2\/retail\/","og_site_name":"Z\u00e8bre architecture","article_modified_time":"2021-10-15T06:31:12+00:00","twitter_card":"summary_large_image","schema":{"@context":"https:\/\/schema.org","@graph":[{"@type":"WebPage","@id":"https:\/\/zebre-architecture.fr\/en\/office-2\/retail\/","url":"https:\/\/zebre-architecture.fr\/en\/office-2\/retail\/","name":"Retail - Z\u00e8bre architecture","isPartOf":{"@id":"https:\/\/zebre-architecture.fr\/#website"},"datePublished":"2021-10-13T12:47:25+00:00","dateModified":"2021-10-15T06:31:12+00:00","description":"D\u00e9p\u00f4t administratif, Autorisation de travaux, Permis de construire, Suivi de chantier","breadcrumb":{"@id":"https:\/\/zebre-architecture.fr\/en\/office-2\/retail\/#breadcrumb"},"inLanguage":"en-US","potentialAction":[{"@type":"ReadAction","target":["https:\/\/zebre-architecture.fr\/en\/office-2\/retail\/"]}]},{"@type":"BreadcrumbList","@id":"https:\/\/zebre-architecture.fr\/en\/office-2\/retail\/#breadcrumb","itemListElement":[{"@type":"ListItem","position":1,"name":"Accueil","item":"https:\/\/zebre-architecture.fr\/en\/"},{"@type":"ListItem","position":2,"name":"Office","item":"https:\/\/zebre-architecture.fr\/en\/"},{"@type":"ListItem","position":3,"name":"Retail"}]},{"@type":"WebSite","@id":"https:\/\/zebre-architecture.fr\/#website","url":"https:\/\/zebre-architecture.fr\/","name":"Z\u00e8bre architecture","description":"Retail architecture, agencement","potentialAction":[{"@type":"SearchAction","target":{"@type":"EntryPoint","urlTemplate":"https:\/\/zebre-architecture.fr\/?s={search_term_string}"},"query-input":{"@type":"PropertyValueSpecification","valueRequired":true,"valueName":"search_term_string"}}],"inLanguage":"en-US"}]}},"_links":{"self":[{"href":"https:\/\/zebre-architecture.fr\/en\/wp-json\/wp\/v2\/pages\/1042","targetHints":{"allow":["GET"]}}],"collection":[{"href":"https:\/\/zebre-architecture.fr\/en\/wp-json\/wp\/v2\/pages"}],"about":[{"href":"https:\/\/zebre-architecture.fr\/en\/wp-json\/wp\/v2\/types\/page"}],"author":[{"embeddable":true,"href":"https:\/\/zebre-architecture.fr\/en\/wp-json\/wp\/v2\/users\/2"}],"replies":[{"embeddable":true,"href":"https:\/\/zebre-architecture.fr\/en\/wp-json\/wp\/v2\/comments?post=1042"}],"version-history":[{"count":3,"href":"https:\/\/zebre-architecture.fr\/en\/wp-json\/wp\/v2\/pages\/1042\/revisions"}],"predecessor-version":[{"id":1624,"href":"https:\/\/zebre-architecture.fr\/en\/wp-json\/wp\/v2\/pages\/1042\/revisions\/1624"}],"up":[{"embeddable":true,"href":"https:\/\/zebre-architecture.fr\/en\/wp-json\/wp\/v2\/pages\/1036"}],"wp:attachment":[{"href":"https:\/\/zebre-architecture.fr\/en\/wp-json\/wp\/v2\/media?parent=1042"}],"curies":[{"name":"wp","href":"https:\/\/api.w.org\/{rel}","templated":true}]}}